{"id":112013,"date":"2025-02-26T17:09:40","date_gmt":"2025-02-26T16:09:40","guid":{"rendered":"http:\/\/bct3.klixa.work\/luisa\/"},"modified":"2025-02-26T17:14:23","modified_gmt":"2025-02-26T16:14:23","slug":"luisa","status":"publish","type":"page","link":"http:\/\/bct3.klixa.work\/de\/luisa\/","title":{"rendered":"Luisa"},"content":{"rendered":"<p>[et_pb_section fb_built=&#8220;1&#8243; custom_padding_last_edited=&#8220;on|phone&#8220; disabled_on=&#8220;off|off|off&#8220; admin_label=&#8220;Cards Variant 2 (3 Columns)&#8220; _builder_version=&#8220;4.24.0&#8243; _module_preset=&#8220;default&#8220; background_enable_color=&#8220;off&#8220; custom_margin=&#8220;||||false|false&#8220; custom_padding=&#8220;150px||150px||true|false&#8220; custom_padding_tablet=&#8220;75px||75px||true|false&#8220; custom_padding_phone=&#8220;50px||50px||true|false&#8220; locked=&#8220;off&#8220; global_colors_info=&#8220;{}&#8220; theme_builder_area=&#8220;post_content&#8220;][et_pb_row custom_padding_last_edited=&#8220;on|phone&#8220; _builder_version=&#8220;4.24.0&#8243; _module_preset=&#8220;default&#8220; custom_margin=&#8220;0px||0px||false|false&#8220; custom_margin_tablet=&#8220;0px||0px||false|false&#8220; custom_margin_phone=&#8220;0px||0px||false|false&#8220; custom_margin_last_edited=&#8220;on|phone&#8220; custom_padding=&#8220;0px||82px||false|false&#8220; custom_padding_tablet=&#8220;||75px||false|false&#8220; custom_padding_phone=&#8220;||50px||false|false&#8220; global_colors_info=&#8220;{}&#8220; theme_builder_area=&#8220;post_content&#8220;][et_pb_column type=&#8220;4_4&#8243; _builder_version=&#8220;4.24.0&#8243; _module_preset=&#8220;default&#8220; global_colors_info=&#8220;{}&#8220; theme_builder_area=&#8220;post_content&#8220;][et_pb_text admin_label=&#8220;Headline&#8220; module_class=&#8220;h2_bold&#8220; _builder_version=&#8220;4.25.1&#8243; _module_preset=&#8220;default&#8220; header_font=&#8220;HelveticaNeueLTPro-Hv||||||||&#8220; header_2_font=&#8220;HelveticaNeueLTPro-Hv||||||||&#8220; header_2_text_color=&#8220;#000000&#8243; custom_margin=&#8220;||0px||false|false&#8220; custom_padding=&#8220;||0px||false|false&#8220; header_2_font_size_tablet=&#8220;35px&#8220; header_2_font_size_phone=&#8220;25px&#8220; header_2_font_size_last_edited=&#8220;off|desktop&#8220; global_colors_info=&#8220;{}&#8220; theme_builder_area=&#8220;post_content&#8220;]<\/p>\n<h2>Weitere Themen von Interesse<\/h2>\n<p>[\/et_pb_text][\/et_pb_column][\/et_pb_row][et_pb_row column_structure=&#8220;1_3,1_3,1_3&#8243; use_custom_gutter=&#8220;on&#8220; gutter_width=&#8220;2&#8243; make_equal=&#8220;on&#8220; module_class=&#8220;card_3&#8243; _builder_version=&#8220;4.25.1&#8243; _module_preset=&#8220;default&#8220; custom_padding=&#8220;0px||0px||true|false&#8220; global_colors_info=&#8220;{}&#8220; theme_builder_area=&#8220;post_content&#8220;][et_pb_column type=&#8220;1_3&#8243; module_class=&#8220;card_column&#8220; _builder_version=&#8220;4.24.0&#8243; _module_preset=&#8220;default&#8220; use_background_color_gradient=&#8220;on&#8220; background_color_gradient_direction=&#8220;90deg&#8220; background_color_gradient_stops=&#8220;#1b365d 0%|#a6093d 100%&#8220; global_colors_info=&#8220;{}&#8220; theme_builder_area=&#8220;post_content&#8220;][et_pb_image src=&#8220;http:\/\/bct3.klixa.work\/wp-content\/uploads\/2024\/06\/FactSheet-01_3pageheader_366x150.jpg&#8220; title_text=&#8220;http:\/\/bct3.klixa.work\/wp-content\/uploads\/2025\/02\/WordpressBildbeschriftung.pdf&#8220; admin_label=&#8220;Bild 1&#8243; module_class=&#8220;card_3_img card_image&#8220; _builder_version=&#8220;4.25.1&#8243; _module_preset=&#8220;default&#8220; global_colors_info=&#8220;{}&#8220; theme_builder_area=&#8220;post_content&#8220;][\/et_pb_image][et_pb_text admin_label=&#8220;Titel 1&#8243; module_class=&#8220;h3_normal card_content_title&#8220; _builder_version=&#8220;4.25.1&#8243; _module_preset=&#8220;default&#8220; header_3_font=&#8220;HelveticaNeueLTPro-Bd||||||||&#8220; header_3_text_color=&#8220;#FFFFFF&#8220; custom_margin=&#8220;|25px||25px|false|true&#8220; global_colors_info=&#8220;{}&#8220; theme_builder_area=&#8220;post_content&#8220;]<\/p>\n<h3>Fakt Papier:<br \/>Gas-Fl\u00fcssig-Reaktion<\/h3>\n<p>[\/et_pb_text][et_pb_text admin_label=&#8220;Text 1&#8243; module_class=&#8220;p1_normal card_content four-lines&#8220; _builder_version=&#8220;4.25.1&#8243; _module_preset=&#8220;default&#8220; text_font=&#8220;HelveticaNeueLTPro-Roman||||||||&#8220; text_text_color=&#8220;#FFFFFF&#8220; custom_margin=&#8220;|25px|125px|25px|false|true&#8220; custom_margin_tablet=&#8220;|25px|125px|25px|false|true&#8220; custom_margin_phone=&#8220;||100px||false|true&#8220; custom_margin_last_edited=&#8220;on|tablet&#8220; global_colors_info=&#8220;{}&#8220; theme_builder_area=&#8220;post_content&#8220;]<\/p>\n<p>Die Hydrierung ist eine wichtige Reaktion in vielen Produktionsschritten von Polyurethan. Erfahren Sie mehr dar\u00fcber, wie wir Sie unterst\u00fctzen k\u00f6nnen, in unserem Fact Sheet. <\/p>\n<p>[\/et_pb_text][kxit_kx_button titel=&#8220;Download PDF&#8220; art=&#8220;hell-farbig&#8220; _builder_version=&#8220;4.25.1&#8243; _dynamic_attributes=&#8220;link_option_url&#8220; _module_preset=&#8220;default&#8220; custom_padding=&#8220;||25px|25px|false|false&#8220; link_option_url=&#8220;@ET-DC@eyJkeW5hbWljIjp0cnVlLCJjb250ZW50IjoicG9zdF9saW5rX3VybF9hdHRhY2htZW50Iiwic2V0dGluZ3MiOnsicG9zdF9pZCI6IjEwOTQyMiIsImVuYWJsZV9odG1sIjoib2ZmIn19@&#8220; link_option_url_new_window=&#8220;on&#8220; global_colors_info=&#8220;{}&#8220; theme_builder_area=&#8220;post_content&#8220;][\/kxit_kx_button][\/et_pb_column][et_pb_column type=&#8220;1_3&#8243; module_class=&#8220;card_column&#8220; _builder_version=&#8220;4.24.0&#8243; _module_preset=&#8220;default&#8220; use_background_color_gradient=&#8220;on&#8220; background_color_gradient_direction=&#8220;90deg&#8220; background_color_gradient_stops=&#8220;#1b365d 0%|#a6093d 100%&#8220; global_colors_info=&#8220;{}&#8220; theme_builder_area=&#8220;post_content&#8220;][et_pb_image src=&#8220;http:\/\/bct3.klixa.work\/wp-content\/uploads\/2024\/06\/FactSheet-02_3pageheader_366x150.jpg&#8220; title_text=&#8220;FactSheet 02_3pageheader_366x150&#8243; admin_label=&#8220;Bild 2&#8243; module_class=&#8220;card_3_img card_image&#8220; _builder_version=&#8220;4.25.1&#8243; _module_preset=&#8220;default&#8220; global_colors_info=&#8220;{}&#8220; theme_builder_area=&#8220;post_content&#8220;][\/et_pb_image][et_pb_text admin_label=&#8220;Titel 2&#8243; module_class=&#8220;h3_normal card_content_title&#8220; _builder_version=&#8220;4.25.1&#8243; _module_preset=&#8220;default&#8220; header_3_font=&#8220;HelveticaNeueLTPro-Bd||||||||&#8220; header_3_text_color=&#8220;#FFFFFF&#8220; custom_margin=&#8220;|25px||25px|false|true&#8220; global_colors_info=&#8220;{}&#8220; theme_builder_area=&#8220;post_content&#8220;]<\/p>\n<h3>Merkblatt:<br \/>Alkoxylierung<\/h3>\n<p>[\/et_pb_text][et_pb_text admin_label=&#8220;Text 2&#8243; module_class=&#8220;p1_normal card_content four-lines&#8220; _builder_version=&#8220;4.25.1&#8243; _module_preset=&#8220;default&#8220; text_font=&#8220;HelveticaNeueLTPro-Roman||||||||&#8220; text_text_color=&#8220;#FFFFFF&#8220; custom_margin=&#8220;|25px|125px|25px|false|true&#8220; global_colors_info=&#8220;{}&#8220; theme_builder_area=&#8220;post_content&#8220;]<\/p>\n<p>DE Producing polyols or thinking about producing them? Read about our technologyies including continuous reactions with DMC catalysts. <\/p>\n<p>[\/et_pb_text][kxit_kx_button titel=&#8220;Download PDF&#8220; art=&#8220;hell-farbig&#8220; _builder_version=&#8220;4.25.1&#8243; _dynamic_attributes=&#8220;link_option_url&#8220; _module_preset=&#8220;default&#8220; custom_padding=&#8220;||25px|25px|false|false&#8220; link_option_url=&#8220;@ET-DC@eyJkeW5hbWljIjp0cnVlLCJjb250ZW50IjoicG9zdF9saW5rX3VybF9hdHRhY2htZW50Iiwic2V0dGluZ3MiOnsicG9zdF9pZCI6IjEwOTQyMyIsImVuYWJsZV9odG1sIjoib2ZmIn19@&#8220; link_option_url_new_window=&#8220;on&#8220; global_colors_info=&#8220;{}&#8220; theme_builder_area=&#8220;post_content&#8220;][\/kxit_kx_button][\/et_pb_column][et_pb_column type=&#8220;1_3&#8243; module_class=&#8220;card_column&#8220; _builder_version=&#8220;4.24.0&#8243; _module_preset=&#8220;default&#8220; use_background_color_gradient=&#8220;on&#8220; background_color_gradient_direction=&#8220;90deg&#8220; background_color_gradient_stops=&#8220;#1b365d 0%|#a6093d 100%&#8220; global_colors_info=&#8220;{}&#8220; theme_builder_area=&#8220;post_content&#8220;][et_pb_image src=&#8220;http:\/\/bct3.klixa.work\/wp-content\/uploads\/2024\/06\/FactSheet-05_3pageheader_366x150.jpg&#8220; title_text=&#8220;FactSheet 05_3pageheader_366x150&#8243; admin_label=&#8220;Bild 3&#8243; module_class=&#8220;card_3_img card_image&#8220; _builder_version=&#8220;4.25.1&#8243; _module_preset=&#8220;default&#8220; global_colors_info=&#8220;{}&#8220; theme_builder_area=&#8220;post_content&#8220;][\/et_pb_image][et_pb_text admin_label=&#8220;Titel 3&#8243; module_class=&#8220;h3_normal card_content_title&#8220; _builder_version=&#8220;4.25.1&#8243; _module_preset=&#8220;default&#8220; header_3_font=&#8220;HelveticaNeueLTPro-Bd||||||||&#8220; header_3_text_color=&#8220;#FFFFFF&#8220; custom_margin=&#8220;|25px||25px|false|true&#8220; global_colors_info=&#8220;{}&#8220; theme_builder_area=&#8220;post_content&#8220;]<\/p>\n<h3>Merkblatt:<br \/>Phosgen-Chemie<\/h3>\n<p>[\/et_pb_text][et_pb_text admin_label=&#8220;Text 3&#8243; module_class=&#8220;p1_normal card_content four-lines&#8220; _builder_version=&#8220;4.25.1&#8243; _module_preset=&#8220;default&#8220; text_font=&#8220;HelveticaNeueLTPro-Roman||||||||&#8220; text_text_color=&#8220;#FFFFFF&#8220; custom_margin=&#8220;|25px|125px|25px|false|true&#8220; global_colors_info=&#8220;{}&#8220; theme_builder_area=&#8220;post_content&#8220;]<\/p>\n<p>DE Many isocynates are made with phosgenation reactions. Learn about our phosgene and phosgentation technology in our Fact Sheet. <\/p>\n<p>[\/et_pb_text][kxit_kx_button titel=&#8220;Download PDF&#8220; art=&#8220;hell-farbig&#8220; _builder_version=&#8220;4.25.1&#8243; _dynamic_attributes=&#8220;link_option_url&#8220; _module_preset=&#8220;default&#8220; custom_padding=&#8220;||25px|25px|false|false&#8220; link_option_url=&#8220;@ET-DC@eyJkeW5hbWljIjp0cnVlLCJjb250ZW50IjoicG9zdF9saW5rX3VybF9hdHRhY2htZW50Iiwic2V0dGluZ3MiOnsicG9zdF9pZCI6IjEwOTQyNiIsImVuYWJsZV9odG1sIjoib2ZmIn19@&#8220; link_option_url_new_window=&#8220;on&#8220; global_colors_info=&#8220;{}&#8220; theme_builder_area=&#8220;post_content&#8220;][\/kxit_kx_button][\/et_pb_column][\/et_pb_row][\/et_pb_section]<\/p>\n","protected":false},"excerpt":{"rendered":"<p>Weitere Themen von InteresseFakt Papier:Gas-Fl\u00fcssig-ReaktionDie Hydrierung ist eine wichtige Reaktion in vielen Produktionsschritten von Polyurethan. Erfahren Sie mehr dar\u00fcber, wie wir Sie unterst\u00fctzen k\u00f6nnen, in unserem Fact Sheet. <div class=\"et_pb_module kxit_kx_button kxit_kx_button_0\">\n\t\t\t\t\n\t\t\t\t\n\t\t\t\t\n\t\t\t\t\n\t\t\t\t\n\t\t\t\t\n\t\t\t\t<div class=\"et_pb_module_inner\">\n\t\t\t\t\t<div class=\"kxit-button-layout kxit-button-style-3\">Download PDF<\/div>\n\t\t\t\t<\/div>\n\t\t\t<\/div>Merkblatt:AlkoxylierungDE Producing polyols or thinking about producing them? Read about our technologyies including continuous reactions with [&hellip;]<\/p>\n","protected":false},"author":11,"featured_media":0,"parent":0,"menu_order":0,"comment_status":"closed","ping_status":"closed","template":"","meta":{"_acf_changed":false,"_et_pb_use_builder":"on","_et_pb_old_content":"","_et_gb_content_width":"","footnotes":""},"class_list":["post-112013","page","type-page","status-publish","hentry"],"acf":[],"yoast_head":"<!-- This site is optimized with the Yoast SEO plugin v25.5 - https:\/\/yoast.com\/wordpress\/plugins\/seo\/ -->\n<title>DE Noemeli &#8211; BUSS ChemTech AG<\/title>\n<meta name=\"description\" content=\"DE hahaha wo st\u00f6i die MD?\" \/>\n<meta name=\"robots\" content=\"noindex, follow, max-snippet:-1, max-image-preview:large, max-video-preview:-1\" \/>\n<meta property=\"og:locale\" content=\"de_DE\" \/>\n<meta property=\"og:type\" content=\"article\" \/>\n<meta property=\"og:title\" content=\"DE Noemeli &#8211; BUSS ChemTech AG\" \/>\n<meta property=\"og:description\" content=\"DE hahaha wo st\u00f6i die MD?\" \/>\n<meta property=\"og:url\" content=\"http:\/\/bct3.klixa.work\/de\/luisa\/\" \/>\n<meta property=\"og:site_name\" content=\"BUSS ChemTech AG\" \/>\n<meta property=\"article:modified_time\" content=\"2025-02-26T16:14:23+00:00\" \/>\n<meta name=\"twitter:card\" content=\"summary_large_image\" \/>\n<meta name=\"twitter:label1\" content=\"Gesch\u00e4tzte Lesezeit\" \/>\n\t<meta name=\"twitter:data1\" content=\"5\u00a0Minuten\" \/>\n<script type=\"application\/ld+json\" class=\"yoast-schema-graph\">{\"@context\":\"https:\/\/schema.org\",\"@graph\":[{\"@type\":\"WebPage\",\"@id\":\"http:\/\/bct3.klixa.work\/de\/luisa\/\",\"url\":\"http:\/\/bct3.klixa.work\/de\/luisa\/\",\"name\":\"DE Noemeli &#8211; BUSS ChemTech AG\",\"isPartOf\":{\"@id\":\"http:\/\/bct3.klixa.work\/de\/#website\"},\"datePublished\":\"2025-02-26T16:09:40+00:00\",\"dateModified\":\"2025-02-26T16:14:23+00:00\",\"description\":\"DE hahaha wo st\u00f6i die MD?\",\"breadcrumb\":{\"@id\":\"http:\/\/bct3.klixa.work\/de\/luisa\/#breadcrumb\"},\"inLanguage\":\"de\",\"potentialAction\":[{\"@type\":\"ReadAction\",\"target\":[\"http:\/\/bct3.klixa.work\/de\/luisa\/\"]}]},{\"@type\":\"BreadcrumbList\",\"@id\":\"http:\/\/bct3.klixa.work\/de\/luisa\/#breadcrumb\",\"itemListElement\":[{\"@type\":\"ListItem\",\"position\":1,\"name\":\"Startseite\",\"item\":\"http:\/\/bct3.klixa.work\/de\/\"},{\"@type\":\"ListItem\",\"position\":2,\"name\":\"Luisa\"}]},{\"@type\":\"WebSite\",\"@id\":\"http:\/\/bct3.klixa.work\/de\/#website\",\"url\":\"http:\/\/bct3.klixa.work\/de\/\",\"name\":\"BUSS ChemTech AG\",\"description\":\"\",\"publisher\":{\"@id\":\"http:\/\/bct3.klixa.work\/de\/#organization\"},\"potentialAction\":[{\"@type\":\"SearchAction\",\"target\":{\"@type\":\"EntryPoint\",\"urlTemplate\":\"http:\/\/bct3.klixa.work\/de\/?s={search_term_string}\"},\"query-input\":{\"@type\":\"PropertyValueSpecification\",\"valueRequired\":true,\"valueName\":\"search_term_string\"}}],\"inLanguage\":\"de\"},{\"@type\":\"Organization\",\"@id\":\"http:\/\/bct3.klixa.work\/de\/#organization\",\"name\":\"BUSS ChemTech AG\",\"url\":\"http:\/\/bct3.klixa.work\/de\/\",\"logo\":{\"@type\":\"ImageObject\",\"inLanguage\":\"de\",\"@id\":\"http:\/\/bct3.klixa.work\/de\/#\/schema\/logo\/image\/\",\"url\":\"\",\"contentUrl\":\"\",\"caption\":\"BUSS ChemTech AG\"},\"image\":{\"@id\":\"http:\/\/bct3.klixa.work\/de\/#\/schema\/logo\/image\/\"}}]}<\/script>\n<!-- \/ Yoast SEO plugin. -->","yoast_head_json":{"title":"DE Noemeli &#8211; BUSS ChemTech AG","description":"DE hahaha wo st\u00f6i die MD?","robots":{"index":"noindex","follow":"follow","max-snippet":"max-snippet:-1","max-image-preview":"max-image-preview:large","max-video-preview":"max-video-preview:-1"},"og_locale":"de_DE","og_type":"article","og_title":"DE Noemeli &#8211; BUSS ChemTech AG","og_description":"DE hahaha wo st\u00f6i die MD?","og_url":"http:\/\/bct3.klixa.work\/de\/luisa\/","og_site_name":"BUSS ChemTech AG","article_modified_time":"2025-02-26T16:14:23+00:00","twitter_card":"summary_large_image","twitter_misc":{"Gesch\u00e4tzte Lesezeit":"5\u00a0Minuten"},"schema":{"@context":"https:\/\/schema.org","@graph":[{"@type":"WebPage","@id":"http:\/\/bct3.klixa.work\/de\/luisa\/","url":"http:\/\/bct3.klixa.work\/de\/luisa\/","name":"DE Noemeli &#8211; BUSS ChemTech AG","isPartOf":{"@id":"http:\/\/bct3.klixa.work\/de\/#website"},"datePublished":"2025-02-26T16:09:40+00:00","dateModified":"2025-02-26T16:14:23+00:00","description":"DE hahaha wo st\u00f6i die MD?","breadcrumb":{"@id":"http:\/\/bct3.klixa.work\/de\/luisa\/#breadcrumb"},"inLanguage":"de","potentialAction":[{"@type":"ReadAction","target":["http:\/\/bct3.klixa.work\/de\/luisa\/"]}]},{"@type":"BreadcrumbList","@id":"http:\/\/bct3.klixa.work\/de\/luisa\/#breadcrumb","itemListElement":[{"@type":"ListItem","position":1,"name":"Startseite","item":"http:\/\/bct3.klixa.work\/de\/"},{"@type":"ListItem","position":2,"name":"Luisa"}]},{"@type":"WebSite","@id":"http:\/\/bct3.klixa.work\/de\/#website","url":"http:\/\/bct3.klixa.work\/de\/","name":"BUSS ChemTech AG","description":"","publisher":{"@id":"http:\/\/bct3.klixa.work\/de\/#organization"},"potentialAction":[{"@type":"SearchAction","target":{"@type":"EntryPoint","urlTemplate":"http:\/\/bct3.klixa.work\/de\/?s={search_term_string}"},"query-input":{"@type":"PropertyValueSpecification","valueRequired":true,"valueName":"search_term_string"}}],"inLanguage":"de"},{"@type":"Organization","@id":"http:\/\/bct3.klixa.work\/de\/#organization","name":"BUSS ChemTech AG","url":"http:\/\/bct3.klixa.work\/de\/","logo":{"@type":"ImageObject","inLanguage":"de","@id":"http:\/\/bct3.klixa.work\/de\/#\/schema\/logo\/image\/","url":"","contentUrl":"","caption":"BUSS ChemTech AG"},"image":{"@id":"http:\/\/bct3.klixa.work\/de\/#\/schema\/logo\/image\/"}}]}},"_links":{"self":[{"href":"http:\/\/bct3.klixa.work\/de\/wp-json\/wp\/v2\/pages\/112013","targetHints":{"allow":["GET"]}}],"collection":[{"href":"http:\/\/bct3.klixa.work\/de\/wp-json\/wp\/v2\/pages"}],"about":[{"href":"http:\/\/bct3.klixa.work\/de\/wp-json\/wp\/v2\/types\/page"}],"author":[{"embeddable":true,"href":"http:\/\/bct3.klixa.work\/de\/wp-json\/wp\/v2\/users\/11"}],"replies":[{"embeddable":true,"href":"http:\/\/bct3.klixa.work\/de\/wp-json\/wp\/v2\/comments?post=112013"}],"version-history":[{"count":2,"href":"http:\/\/bct3.klixa.work\/de\/wp-json\/wp\/v2\/pages\/112013\/revisions"}],"predecessor-version":[{"id":112015,"href":"http:\/\/bct3.klixa.work\/de\/wp-json\/wp\/v2\/pages\/112013\/revisions\/112015"}],"wp:attachment":[{"href":"http:\/\/bct3.klixa.work\/de\/wp-json\/wp\/v2\/media?parent=112013"}],"curies":[{"name":"wp","href":"https:\/\/api.w.org\/{rel}","templated":true}]}}